{"id":290,"date":"2014-11-13T00:19:43","date_gmt":"2014-11-12T23:19:43","guid":{"rendered":"http:\/\/spay-badminton.fr\/v2\/?page_id=290"},"modified":"2015-01-12T22:16:34","modified_gmt":"2015-01-12T21:16:34","slug":"menu-adherents","status":"publish","type":"page","link":"https:\/\/spay-badminton.fr\/v2\/menu-adherents\/","title":{"rendered":"Menu Adh\u00e9rents"},"content":{"rendered":"<p>&nbsp;<\/p>\n<p>Choisissez une sous-cat\u00e9gorie\u00a0dans le menu sup\u00e9rieur (section prot\u00e9g\u00e9e par mot de passe)<\/p>\n","protected":false},"excerpt":{"rendered":"<p class=\"continue-reading-button\"> <a class=\"continue-reading-link\" href=\"https:\/\/spay-badminton.fr\/v2\/menu-adherents\/\"><i class=\"crycon-right-dir\"><\/i><\/a><\/p>\n","protected":false},"author":1,"featured_media":0,"parent":0,"menu_order":0,"comment_status":"closed","ping_status":"closed","template":"","meta":[],"_links":{"self":[{"href":"https:\/\/spay-badminton.fr\/v2\/wp-json\/wp\/v2\/pages\/290"}],"collection":[{"href":"https:\/\/spay-badminton.fr\/v2\/wp-json\/wp\/v2\/pages"}],"about":[{"href":"https:\/\/spay-badminton.fr\/v2\/wp-json\/wp\/v2\/types\/page"}],"author":[{"embeddable":true,"href":"https:\/\/spay-badminton.fr\/v2\/wp-json\/wp\/v2\/users\/1"}],"replies":[{"embeddable":true,"href":"https:\/\/spay-badminton.fr\/v2\/wp-json\/wp\/v2\/comments?post=290"}],"version-history":[{"count":6,"href":"https:\/\/spay-badminton.fr\/v2\/wp-json\/wp\/v2\/pages\/290\/revisions"}],"predecessor-version":[{"id":553,"href":"https:\/\/spay-badminton.fr\/v2\/wp-json\/wp\/v2\/pages\/290\/revisions\/553"}],"wp:attachment":[{"href":"https:\/\/spay-badminton.fr\/v2\/wp-json\/wp\/v2\/media?parent=290"}],"curies":[{"name":"wp","href":"https:\/\/api.w.org\/{rel}","templated":true}]}}